{"id":6465,"date":"2025-04-01T22:12:58","date_gmt":"2025-04-01T22:12:58","guid":{"rendered":"https:\/\/cillarioemarazzi.it\/?page_id=6465"},"modified":"2025-04-08T08:40:33","modified_gmt":"2025-04-08T08:40:33","slug":"eventi-qr","status":"publish","type":"page","link":"https:\/\/cillarioemarazzi.it\/en\/eventi-qr\/","title":{"rendered":"Cillario &amp; Marazzi Eventi"},"content":{"rendered":"<div data-elementor-type=\"wp-page\" data-elementor-id=\"6465\" class=\"elementor elementor-6465\" data-elementor-post-type=\"page\">\n\t\t\t\t<div class=\"elementor-element elementor-element-96db910 e-flex e-con-boxed e-con e-parent\" data-id=\"96db910\" data-element_type=\"container\" data-e-type=\"container\">\n\t\t\t\t\t<div class=\"e-con-inner\">\n\t\t\t\t<div class=\"elementor-element elementor-element-2c102dc elementor-widget elementor-widget-heading\" data-id=\"2c102dc\" data-element_type=\"widget\" data-e-type=\"widget\" data-widget_type=\"heading.default\">\n\t\t\t\t<div class=\"elementor-widget-container\">\n\t\t\t\t\t<h2 class=\"elementor-heading-title elementor-size-default\">Vuoi organizzare una festa, un evento memorabile, con un Gin bar esclusivo e non il solito bar con le solite bottiglie?<\/h2>\t\t\t\t<\/div>\n\t\t\t\t<\/div>\n\t\t\t\t<div class=\"elementor-element elementor-element-9921b57 elementor-widget elementor-widget-video\" data-id=\"9921b57\" data-element_type=\"widget\" data-e-type=\"widget\" data-settings=\"{&quot;video_type&quot;:&quot;hosted&quot;,&quot;controls&quot;:&quot;yes&quot;}\" data-widget_type=\"video.default\">\n\t\t\t\t<div class=\"elementor-widget-container\">\n\t\t\t\t\t\t\t<div class=\"e-hosted-video elementor-wrapper elementor-open-inline\">\n\t\t\t\t\t<video class=\"elementor-video\" src=\"https:\/\/cillarioemarazzi.it\/wp-content\/uploads\/2025\/04\/event-cm.mp4\" controls=\"\" preload=\"metadata\" controlslist=\"nodownload\" poster=\"https:\/\/cillarioemarazzi.it\/wp-content\/uploads\/2025\/04\/cillariomarazzi-event.jpg\"><\/video>\n\t\t\t\t<\/div>\n\t\t\t\t\t\t<\/div>\n\t\t\t\t<\/div>\n\t\t\t\t<div class=\"elementor-element elementor-element-46f5247 elementor-widget elementor-widget-text-editor\" data-id=\"46f5247\" data-element_type=\"widget\" data-e-type=\"widget\" data-widget_type=\"text-editor.default\">\n\t\t\t\t<div class=\"elementor-widget-container\">\n\t\t\t\t\t\t\t\t\t<p>I nostri prodotti sono di altissima qualit\u00e0, meravigliosi gi\u00e0 in purezza, non sono in commercio su nessuno shop, fisico o online e potrai cos\u00ec stupire e incuriosire i tuoi invitati.<\/p>\t\t\t\t\t\t\t\t<\/div>\n\t\t\t\t<\/div>\n\t\t\t\t<div class=\"elementor-element elementor-element-cf6a907 elementor-widget elementor-widget-heading\" data-id=\"cf6a907\" data-element_type=\"widget\" data-e-type=\"widget\" data-widget_type=\"heading.default\">\n\t\t\t\t<div class=\"elementor-widget-container\">\n\t\t\t\t\t<h2 class=\"elementor-heading-title elementor-size-default\">Vuoi che la tua festa sia anche un'occasione per degustare e conoscere il mondo del gin?<\/h2>\t\t\t\t<\/div>\n\t\t\t\t<\/div>\n\t\t\t\t<div class=\"elementor-element elementor-element-e5be2ff elementor-widget elementor-widget-text-editor\" data-id=\"e5be2ff\" data-element_type=\"widget\" data-e-type=\"widget\" data-widget_type=\"text-editor.default\">\n\t\t\t\t<div class=\"elementor-widget-container\">\n\t\t\t\t\t\t\t\t\t<p>I produttori in persona racconteranno ai tuoi ospiti come nasce un gin artigianale e quante diverse declinazioni pu\u00f2 avere, mentre si assaggiano fino a 9 ricette di London Dry Gin, lisce o in gin tonic di incredibile carattere.<\/p>\t\t\t\t\t\t\t\t<\/div>\n\t\t\t\t<\/div>\n\t\t\t\t<div class=\"elementor-element elementor-element-a8f886a elementor-widget elementor-widget-image\" data-id=\"a8f886a\" data-element_type=\"widget\" data-e-type=\"widget\" data-widget_type=\"image.default\">\n\t\t\t\t<div class=\"elementor-widget-container\">\n\t\t\t\t\t\t\t\t\t\t\t\t\t\t\t<img decoding=\"async\" src=\"https:\/\/cillarioemarazzi.it\/wp-content\/plugins\/elementor\/assets\/images\/placeholder.png\" title=\"\" alt=\"\" loading=\"lazy\" \/>\t\t\t\t\t\t\t\t\t\t\t\t\t\t\t<\/div>\n\t\t\t\t<\/div>\n\t\t\t\t<div class=\"elementor-element elementor-element-e6e7774 elementor-widget elementor-widget-heading\" data-id=\"e6e7774\" data-element_type=\"widget\" data-e-type=\"widget\" data-widget_type=\"heading.default\">\n\t\t\t\t<div class=\"elementor-widget-container\">\n\t\t\t\t\t<h2 class=\"elementor-heading-title elementor-size-default\">Vuoi un servizio bar con un Gin, creato in esclusiva, con una ricetta e una bottiglia unica, solo per te, la tua festa e a tuo nome?<\/h2>\t\t\t\t<\/div>\n\t\t\t\t<\/div>\n\t\t\t\t<div class=\"elementor-element elementor-element-8662fb3 elementor-mobile-align-center elementor-widget elementor-widget-button\" data-id=\"8662fb3\" data-element_type=\"widget\" data-e-type=\"widget\" data-widget_type=\"button.default\">\n\t\t\t\t<div class=\"elementor-widget-container\">\n\t\t\t\t\t\t\t\t\t<div class=\"elementor-button-wrapper\">\n\t\t\t\t\t<a class=\"elementor-button elementor-button-link elementor-size-sm\" href=\"https:\/\/cillarioemarazzi.it\/en\/contacts\/\">\n\t\t\t\t\t\t<span class=\"elementor-button-content-wrapper\">\n\t\t\t\t\t\t\t\t\t<span class=\"elementor-button-text\">Contact us<\/span>\n\t\t\t\t\t<\/span>\n\t\t\t\t\t<\/a>\n\t\t\t\t<\/div>\n\t\t\t\t\t\t\t\t<\/div>\n\t\t\t\t<\/div>\n\t\t\t\t\t<\/div>\n\t\t\t\t<\/div>\n\t\t\t\t<\/div>","protected":false},"excerpt":{"rendered":"<p>Vuoi organizzare una festa, un evento memorabile, con un Gin bar esclusivo e non il solito bar con le solite bottiglie? https:\/\/cillarioemarazzi.it\/wp-content\/uploads\/2025\/04\/event-cm.mp4 I nostri prodotti sono di altissima qualit\u00e0, meravigliosi gi\u00e0 in purezza, non sono in commercio su nessuno shop, fisico o online e potrai cos\u00ec stupire e incuriosire i tuoi invitati. Vuoi che la [&hellip;]<\/p>","protected":false},"author":5,"featured_media":0,"parent":0,"menu_order":0,"comment_status":"closed","ping_status":"closed","template":"","meta":{"_acf_changed":false,"footnotes":""},"class_list":["post-6465","page","type-page","status-publish","hentry"],"acf":[],"_links":{"self":[{"href":"https:\/\/cillarioemarazzi.it\/en\/wp-json\/wp\/v2\/pages\/6465","targetHints":{"allow":["GET"]}}],"collection":[{"href":"https:\/\/cillarioemarazzi.it\/en\/wp-json\/wp\/v2\/pages"}],"about":[{"href":"https:\/\/cillarioemarazzi.it\/en\/wp-json\/wp\/v2\/types\/page"}],"author":[{"embeddable":true,"href":"https:\/\/cillarioemarazzi.it\/en\/wp-json\/wp\/v2\/users\/5"}],"replies":[{"embeddable":true,"href":"https:\/\/cillarioemarazzi.it\/en\/wp-json\/wp\/v2\/comments?post=6465"}],"version-history":[{"count":22,"href":"https:\/\/cillarioemarazzi.it\/en\/wp-json\/wp\/v2\/pages\/6465\/revisions"}],"predecessor-version":[{"id":6491,"href":"https:\/\/cillarioemarazzi.it\/en\/wp-json\/wp\/v2\/pages\/6465\/revisions\/6491"}],"wp:attachment":[{"href":"https:\/\/cillarioemarazzi.it\/en\/wp-json\/wp\/v2\/media?parent=6465"}],"curies":[{"name":"wp","href":"https:\/\/api.w.org\/{rel}","templated":true}]}}